{"id":661,"date":"2016-08-23T01:06:30","date_gmt":"2016-08-22T23:06:30","guid":{"rendered":"http:\/\/voicidesailes.net\/?page_id=661"},"modified":"2024-01-07T15:29:34","modified_gmt":"2024-01-07T14:29:34","slug":"les-stats","status":"publish","type":"page","link":"https:\/\/www.voicidesailes.net\/index.php\/les-stats\/","title":{"rendered":"De Quito \u00e0 Ushua\u00efa \u2014 Les stat&rsquo;s"},"content":{"rendered":"\n<h5 class=\"wp-block-heading\">&nbsp;<\/h5>\n\n\n\n<p class=\"has-text-align-left\">Dans l&rsquo;inconnu avant de partir, nous avions imagin\u00e9 rouler en moyenne 60km\/jours, 5 jours sur 7, soit 1.200km par mois et 9.850km pour nos 8 mois de voyage: on y est ! Pr\u00e9visions redoutables&#8230;<\/p>\n\n\n\n<p>Nous sommes donc partis du 6 juillet 2016 au 28 f\u00e9vrier 2017 (8 mois donc) et avons parcouru 9.845 km pour 124.137 m de d\u00e9nivel\u00e9 positif. <\/p>\n\n\n\n<p>Sans l&rsquo;eau et la nourriture, J\u00e9r\u00f4me portait environ 25 kg, et C\u00e9line environ 20kg (v\u00e9los non compris, biens\u00fbr ! Ils p\u00e8sent dans les 17-18kg chacun)<\/p>\n\n\n\n<p>Notre \u00e9tape moyenne : 65km, 822m de D+ et environ 4h50 de v\u00e9lo.<\/p>\n\n\n\n<p>En d\u00e9tails, parce qu&rsquo;on aime les stat&rsquo;s :<\/p>\n\n\n\n<ul>\n<li>Nous avons roul\u00e9 151 jours sur les 238 jours de voyage (en moyenne \u00e7a correspond \u00e0 5 jours sur 7),<\/li>\n\n\n\n<li>Nous avons dormi 73 nuits sous la tente (env. 2 nuits \/ 7) <\/li>\n\n\n\n<li>La plus longue distance journali\u00e8re : 162,2km,&nbsp;(mais 3.000m de descente!)<\/li>\n\n\n\n<li>Le plus grand d\u00e9nivel\u00e9 cumul\u00e9 journalier : +2.190 m<\/li>\n\n\n\n<li>L&rsquo;\u00e9tape la plus longue : 8 heures et demi de v\u00e9lo (qui est aussi la pus longue distance)<\/li>\n<\/ul>\n\n\n<div class=\"wp-block-image\">\n<figure class=\"aligncenter size-thumbnail\"><a href=\"https:\/\/docs.google.com\/spreadsheets\/d\/1B9UFQed9Tcqdqe73r5H8Qh4NGX9K-axp\/edit?usp=share_link&amp;ouid=113504983549505448616&amp;rtpof=true&amp;sd=true\"><img decoding=\"async\" src=\"https:\/\/www.voicidesailes.net\/wp-content\/uploads\/2023\/03\/excel-1-150x150.png\" alt=\"\" class=\"wp-image-3234\"\/><\/a><\/figure><\/div>\n\n\n<p class=\"has-text-align-center\"><a rel=\"noreferrer noopener\" href=\"https:\/\/docs.google.com\/spreadsheets\/d\/1B9UFQed9Tcqdqe73r5H8Qh4NGX9K-axp\/edit?usp=share_link&amp;ouid=113504983549505448616&amp;rtpof=true&amp;sd=true\" target=\"_blank\">Acc\u00e9der au fichier .xlsx<\/a><\/p>\n\n\n<div class=\"wp-block-image\">\n<figure class=\"aligncenter\"><img decoding=\"async\" loading=\"lazy\" width=\"1024\" height=\"471\" src=\"http:\/\/www.voicidesailes.net\/wp-content\/uploads\/2023\/03\/image-1-1024x471.png\" alt=\"\" class=\"wp-image-3302\" srcset=\"https:\/\/www.voicidesailes.net\/wp-content\/uploads\/2023\/03\/image-1-1024x471.png 1024w, https:\/\/www.voicidesailes.net\/wp-content\/uploads\/2023\/03\/image-1-300x138.png 300w, https:\/\/www.voicidesailes.net\/wp-content\/uploads\/2023\/03\/image-1-768x353.png 768w, https:\/\/www.voicidesailes.net\/wp-content\/uploads\/2023\/03\/image-1-1536x707.png 1536w, https:\/\/www.voicidesailes.net\/wp-content\/uploads\/2023\/03\/image-1.png 1912w\" sizes=\"(max-width: 1024px) 100vw, 1024px\" \/><\/figure><\/div>\n\n\n<h2 class=\"wp-block-heading\"><\/h2>\n","protected":false},"excerpt":{"rendered":"<p>&nbsp; Dans l&rsquo;inconnu avant de partir, nous avions imagin\u00e9 rouler en moyenne 60km\/jours, 5 jours sur 7, soit 1.200km par mois et 9.850km pour nos 8 mois de voyage: on y est ! Pr\u00e9visions redoutables&#8230; Nous sommes donc partis du 6 juillet 2016 au 28 f\u00e9vrier 2017 (8 mois donc) et avons parcouru 9.845 km pour 124.137 m de d\u00e9nivel\u00e9&#8230;<\/p>\n","protected":false},"author":2,"featured_media":0,"parent":0,"menu_order":4,"comment_status":"closed","ping_status":"closed","template":"my-templates\/template-fullwidth.php","meta":{"inline_featured_image":false},"acf":[],"_links":{"self":[{"href":"https:\/\/www.voicidesailes.net\/index.php\/wp-json\/wp\/v2\/pages\/661"}],"collection":[{"href":"https:\/\/www.voicidesailes.net\/index.php\/wp-json\/wp\/v2\/pages"}],"about":[{"href":"https:\/\/www.voicidesailes.net\/index.php\/wp-json\/wp\/v2\/types\/page"}],"author":[{"embeddable":true,"href":"https:\/\/www.voicidesailes.net\/index.php\/wp-json\/wp\/v2\/users\/2"}],"replies":[{"embeddable":true,"href":"https:\/\/www.voicidesailes.net\/index.php\/wp-json\/wp\/v2\/comments?post=661"}],"version-history":[{"count":29,"href":"https:\/\/www.voicidesailes.net\/index.php\/wp-json\/wp\/v2\/pages\/661\/revisions"}],"predecessor-version":[{"id":7132,"href":"https:\/\/www.voicidesailes.net\/index.php\/wp-json\/wp\/v2\/pages\/661\/revisions\/7132"}],"wp:attachment":[{"href":"https:\/\/www.voicidesailes.net\/index.php\/wp-json\/wp\/v2\/media?parent=661"}],"curies":[{"name":"wp","href":"https:\/\/api.w.org\/{rel}","templated":true}]}}