{"id":58,"date":"2016-05-26T20:01:16","date_gmt":"2016-05-26T18:01:16","guid":{"rendered":"http:\/\/voicidesailes.net\/?page_id=58"},"modified":"2023-03-30T23:06:29","modified_gmt":"2023-03-30T21:06:29","slug":"ou-quand-comment","status":"publish","type":"page","link":"https:\/\/www.voicidesailes.net\/index.php\/ou-quand-comment\/","title":{"rendered":"De Quito \u00e0 Ushua\u00efa"},"content":{"rendered":"\n<p>En selle 5 jours apr\u00e8s notre atterrissage \u00e0 Quito (Equateur) le 6 juillet 2016 , nous avons travers\u00e9 les Andes par l&rsquo;Equateur, le P\u00e9rou, &nbsp;la Bolivie, l&rsquo;Argentine, et le Chili pour arriver en terre de feu le 13 f\u00e9vrier 2017, apr\u00e8s 7 mois et 13300km dont 9850km \u00e0 v\u00e9lo.<\/p>\n\n\n\n<p>Voici notre itin\u00e9raire, avec en bleu les trajets effectu\u00e9s sans moteur (v\u00e9lo, randonn\u00e9es) et en gris, les liaisons et excursions effectu\u00e9es en bus, voiture, bateau.<\/p>\n\n\n\n<p>Sur le parcours, les routes m\u00e9morables :<\/p>\n\n\n\n<ul>\n<li>le passage de la fronti\u00e8re au milieu des montagnes entre l&rsquo;Equateur et le P\u00e9rou ;<\/li>\n\n\n\n<li>la Great Divide au d\u00e9part de Huaraz au P\u00e9rou : un de nos meilleurs souvenirs ;<\/li>\n\n\n\n<li>le Salar d&rsquo;Uyuni et le d\u00e9sert du sud Lipez en Bolivie : mythiques !<\/li>\n\n\n\n<li>l&rsquo;arriv\u00e9e en Argentine par le Paso de Sico : grandiose, et le plaisir d\u2019\u00eatre seuls au monde ;<\/li>\n\n\n\n<li>le parc naturel Conguillo : nos premiers volcans Chiliens ;<\/li>\n\n\n\n<li>la carretera Australe : l&rsquo;arriv\u00e9e au pied  des glaciers ;<\/li>\n\n\n\n<li>les passages de fronti\u00e8res confidentiels incessants, entre le Chili et l&rsquo;Argentine en Patagonie ;<\/li>\n\n\n\n<li>la travers\u00e9e de la terre de feu hors des sentiers battus.<\/li>\n<\/ul>\n\n\n\n<p><iframe loading=\"lazy\" src=\"https:\/\/www.google.com\/maps\/d\/embed?mid=1BDRyJGXbSIChaybHcYoKANmEimc\" width=\"100%\" height=\"480\"><\/iframe><\/p>\n","protected":false},"excerpt":{"rendered":"<p>En selle 5 jours apr\u00e8s notre atterrissage \u00e0 Quito (Equateur) le 6 juillet 2016 , nous avons travers\u00e9 les Andes par l&rsquo;Equateur, le P\u00e9rou, &nbsp;la Bolivie, l&rsquo;Argentine, et le Chili pour arriver en terre de feu le 13 f\u00e9vrier 2017, apr\u00e8s 7 mois et 13300km dont 9850km \u00e0 v\u00e9lo. Voici notre itin\u00e9raire, avec en bleu les trajets effectu\u00e9s sans moteur&#8230;<\/p>\n","protected":false},"author":2,"featured_media":105,"parent":0,"menu_order":2,"comment_status":"closed","ping_status":"closed","template":"my-templates\/template-fullwidth.php","meta":{"inline_featured_image":false},"acf":[],"_links":{"self":[{"href":"https:\/\/www.voicidesailes.net\/index.php\/wp-json\/wp\/v2\/pages\/58"}],"collection":[{"href":"https:\/\/www.voicidesailes.net\/index.php\/wp-json\/wp\/v2\/pages"}],"about":[{"href":"https:\/\/www.voicidesailes.net\/index.php\/wp-json\/wp\/v2\/types\/page"}],"author":[{"embeddable":true,"href":"https:\/\/www.voicidesailes.net\/index.php\/wp-json\/wp\/v2\/users\/2"}],"replies":[{"embeddable":true,"href":"https:\/\/www.voicidesailes.net\/index.php\/wp-json\/wp\/v2\/comments?post=58"}],"version-history":[{"count":63,"href":"https:\/\/www.voicidesailes.net\/index.php\/wp-json\/wp\/v2\/pages\/58\/revisions"}],"predecessor-version":[{"id":3501,"href":"https:\/\/www.voicidesailes.net\/index.php\/wp-json\/wp\/v2\/pages\/58\/revisions\/3501"}],"wp:featuredmedia":[{"embeddable":true,"href":"https:\/\/www.voicidesailes.net\/index.php\/wp-json\/wp\/v2\/media\/105"}],"wp:attachment":[{"href":"https:\/\/www.voicidesailes.net\/index.php\/wp-json\/wp\/v2\/media?parent=58"}],"curies":[{"name":"wp","href":"https:\/\/api.w.org\/{rel}","templated":true}]}}