{"id":3450,"date":"2023-03-20T00:14:18","date_gmt":"2023-03-19T23:14:18","guid":{"rendered":"https:\/\/www.voicidesailes.net\/?page_id=3450"},"modified":"2024-01-23T10:54:19","modified_gmt":"2024-01-23T09:54:19","slug":"lequipement-2","status":"publish","type":"page","link":"https:\/\/www.voicidesailes.net\/index.php\/lequipement-2\/","title":{"rendered":"L&rsquo;\u00e9quipement"},"content":{"rendered":"\n<p><strong>Nos montures :<\/strong><\/p>\n\n\n\n<p>Deux v\u00e9los \u00ab\u00a0cyclo-randonn\u00e9e\u00a0\u00bb achet\u00e9s en 2012, avec lesquels nous avons d\u00e9j\u00e0 parcouru plus de 35.000 km.<\/p>\n\n\n\n<p>Confortables, robustes et fiables, ils sont id\u00e9aux en balades. Tant pour fl\u00e2ner et profiter des paysages que pour se lancer dans des hors-pistes savoureux !<\/p>\n\n\n<div class=\"wp-block-image\">\n<figure class=\"aligncenter size-large\"><img decoding=\"async\" loading=\"lazy\" width=\"1024\" height=\"683\" src=\"http:\/\/www.voicidesailes.net\/wp-content\/uploads\/2023\/12\/6abd1249-b783-4199-8902-158694a7b739-1024x683.jpg\" alt=\"\" class=\"wp-image-7001\" srcset=\"https:\/\/www.voicidesailes.net\/wp-content\/uploads\/2023\/12\/6abd1249-b783-4199-8902-158694a7b739-1024x683.jpg 1024w, https:\/\/www.voicidesailes.net\/wp-content\/uploads\/2023\/12\/6abd1249-b783-4199-8902-158694a7b739-300x200.jpg 300w, https:\/\/www.voicidesailes.net\/wp-content\/uploads\/2023\/12\/6abd1249-b783-4199-8902-158694a7b739-768x512.jpg 768w, https:\/\/www.voicidesailes.net\/wp-content\/uploads\/2023\/12\/6abd1249-b783-4199-8902-158694a7b739-1536x1024.jpg 1536w, https:\/\/www.voicidesailes.net\/wp-content\/uploads\/2023\/12\/6abd1249-b783-4199-8902-158694a7b739.jpg 1600w\" sizes=\"(max-width: 1024px) 100vw, 1024px\" \/><\/figure><\/div>\n\n\n<p><strong>Nos bagages :<\/strong> <\/p>\n\n\n\n<p>Des sacoches&#8230;Ortlieb, \u00e9videmment. Une \u00e9tanch\u00e9it\u00e9 et une solidit\u00e9 \u00e0 toute \u00e9preuve. <\/p>\n\n\n\n<p>En voyage l\u00e9ger : 2 sacoches arri\u00e8res et la tente sous le guidon de J\u00e9r\u00f4me, ou en mode \u00ab\u00a0mulet\u00a0\u00bb avec 4 sacoches chacun pour les voyages au long court.<\/p>\n\n\n\n<p><\/p>\n\n\n\n<p><strong>Notre maison :<\/strong><\/p>\n\n\n\n<p>Pour l&rsquo;Am\u00e9rique du sud, nous avions un \u00ab\u00a0appartement 2 pi\u00e8ces \u00a0\u00bb : une chambre avec 2 entr\u00e9es ind\u00e9pendantes, et une \u00e9norme abside (avec fen\u00eatre !) pour manger au sec et au chaud.&nbsp;<\/p>\n\n\n<div class=\"wp-block-image\">\n<figure class=\"aligncenter size-large\"><img decoding=\"async\" loading=\"lazy\" width=\"1024\" height=\"683\" src=\"https:\/\/www.voicidesailes.net\/wp-content\/uploads\/2016\/05\/DSC03331-1024x683.jpg\" alt=\"\" class=\"wp-image-129\" srcset=\"https:\/\/www.voicidesailes.net\/wp-content\/uploads\/2016\/05\/DSC03331-1024x683.jpg 1024w, https:\/\/www.voicidesailes.net\/wp-content\/uploads\/2016\/05\/DSC03331-300x200.jpg 300w, https:\/\/www.voicidesailes.net\/wp-content\/uploads\/2016\/05\/DSC03331-768x512.jpg 768w, https:\/\/www.voicidesailes.net\/wp-content\/uploads\/2016\/05\/DSC03331-405x270.jpg 405w\" sizes=\"(max-width: 1024px) 100vw, 1024px\" \/><figcaption class=\"wp-element-caption\">Tente Nigor Great Auk (de Quito \u00e0 Ushuaia &#8211; 2016-2017)<\/figcaption><\/figure><\/div>\n\n\n<p>Une maison hyper confortable, surtout dans des contr\u00e9es \u00e0 la m\u00e9t\u00e9o peu cl\u00e9mente. On peut monter la chambre au sec, vivre et cuisiner \u00e0 l&rsquo;int\u00e9rieur (mais gare \u00e0 l&rsquo;allumage du r\u00e9chaud \u00e0 essence !). On peut m\u00eame rentrer les v\u00e9los si besoin (mais en r\u00e9alit\u00e9, on en a rarement besoin&#8230;). C\u00f4t\u00e9 pratique : la partie nuit autoportante permet une installation sans les sardines&#8230;Et pour la prise au vent, malgr\u00e9 son gabarit, aucun probl\u00e8me avec les rafales patagones.<\/p>\n\n\n\n<p>En revanche, elle p\u00e8se son poids : avec plus de 3,5kg \u00ab\u00a0\u00e0 sec\u00a0\u00bb, repli\u00e9e avec la condensation du matin&#8230;comment dire ? <br>Autre petit point de vigilance : il faut veiller au calage entre le footprint et le double-toit les soirs de pluie : si les \u00ab\u00a0baquets\u00a0\u00bb du footprint d\u00e9passent \u00e0 l&rsquo;ext\u00e9rieur, la maison se transforme en piscine !<\/p>\n\n\n\n<p>Depuis notre retour en 2017, on voyage l\u00e9ger. Jusqu&rsquo;\u00e0 l&rsquo;\u00e9t\u00e9 dernier, avec la mythique \u00ab\u00a0Hubba Hubba\u00a0\u00bb de MSR qui \u00e9tait parfaite pour nos s\u00e9jours estivaux. Comme on se l&rsquo;ait faite vol\u00e9e l&rsquo;\u00e9t\u00e9 2022, on a utilis\u00e9 la \u00ab\u00a0Dragonfly Bikepack OSMO\u00a0\u00bb de Nemo pour notre aventure Cap \u00e0 l&rsquo;est .<br>Super compacte et l\u00e9g\u00e8re, tr\u00e8s habitable et bien con\u00e7ue avec beaucoup  de d\u00e9tails pratiques : des cordelettes pour suspendre le linge , un \u00ab\u00a0bac amovible\u00a0\u00bb sous l&rsquo;abside pour laisser des affaires au sec, un filet dans le plafond int\u00e9rieur (en plus des filet lat\u00e9raux), un filet sp\u00e9cial pour caler sa frontale et \u00e9clairer la tente, etc. N\u00e9anmoins elle est ultra-light, donc assez fragile. Pour un voyage au long cours, \u00e0 r\u00e9server \u00e0 des endroits plut\u00f4t secs et pas trop froid&#8230;<\/p>\n\n\n\n<p><\/p>\n\n\n\n<p><strong>Nos lits :<\/strong><\/p>\n\n\n\n<p>Nos matelas autogonflants Exped ont laiss\u00e9 place \u00e0 deux matelas gonflables \u00ab\u00a0Tensor ultralight\u00a0\u00bb de Nemo. Ultra-l\u00e9gers donc, ultra-compacts, confortables (bien qu&rsquo;un peu \u00e9troits pour nos gabarits) et tellement plus facile \u00e0 replier et ranger !<\/p>\n\n\n\n<p>Pour la chaleur, on reste fid\u00e8le \u00e0 nos sac de couchage en duvet Millet depuis 15 ans, temp\u00e9rature de confort -5\u00b0C (largement suffisant, m\u00eame dans les d\u00e9serts Boliviens).<\/p>\n\n\n\n<p>Et pour le confort, deux oreillers gonflables Exped.<\/p>\n\n\n\n<p><\/p>\n\n\n\n<p><strong>Notre cuisine :<\/strong><\/p>\n\n\n\n<p>En voyage au long court, on choisit le r\u00e9chaud \u00e0 essence (le classique Whisperlite de MSR) : pour n&rsquo;\u00eatre jamais \u00e0 court de carburant, et savourer des plats \u00e0 la cuisson lente (on ne va pas jusqu&rsquo;\u00e0 se faire des betteraves, mais \u00e0 nous les patates \u00e0 l&rsquo;eau \ud83d\ude42 ). Il n\u00e9cessite n\u00e9anmoins un petit coup de main pour l&rsquo;allumage et doit \u00eatre rang\u00e9 hors des sacoches (pour \u00e9viter les fuites et les mauvaises odeurs).<\/p>\n\n\n\n<p>Le r\u00e9chaud \u00e0 gaz, tr\u00e8s l\u00e9ger et compact, est bien plus confortable. Cela dit, il faut \u00eatre s\u00fbr de pouvoir trouver sur l&rsquo;itin\u00e9raire des cartouches compatibles. Sans compter que ces cartouches g\u00e9n\u00e8rent des d\u00e9chets&#8230;<\/p>\n\n\n\n<p>Nous avions \u00e9galement un r\u00e9chaud \u00e0 bois, mais nous n&rsquo;avons pas eu l&rsquo;occasion de l&rsquo;utiliser.<\/p>\n\n\n\n<p>Pour cuisiner et d\u00e9guster : <\/p>\n\n\n\n<ul>\n<li>une popotte compacte en aluminium : avec un couvercle \u00e0 trou pour vider l&rsquo;eau des p\u00e2tes !<\/li>\n\n\n\n<li>le \u00ab\u00a0lunch kit\u00a0\u00bb de light my fire : pratique avec sa petite planche \u00e0 d\u00e9couper et ses tupperwares int\u00e9rieurs. Dans notre qu\u00eate d&rsquo;all\u00e9gement, nous n&rsquo;en prenons  qu&rsquo;un cette fois, et on fera plus light pour la deuxi\u00e8me gamelle.<\/li>\n\n\n\n<li>nos couteaux Suisse et leurs indispensables ciseaux, compl\u00e9t\u00e9s cette ann\u00e9e par un mini-opinel \u00e9pluche l\u00e9gume&#8230;le luxe !<\/li>\n\n\n\n<li>des cuill\u00e8res\/fourchettes 2 en 1 Sea to summit en titane : incassables \ud83d\ude09<\/li>\n\n\n\n<li>une vache \u00e0 eau de 5L : pour stocker&#8230;et prendre des douches !<\/li>\n<\/ul>\n\n\n\n<p><\/p>\n\n\n\n<p><strong>Et le reste..<\/strong>.<\/p>\n\n\n\n<p>Minutieusement choisi pour pouvoir combiner \u00ab\u00a0confort\u00a0\u00bb en restant le plus l\u00e9ger possible&nbsp;! <\/p>\n\n\n\n<p>Dans le&nbsp;d\u00e9tail, pour ceux qui voudraient faire pareil (et parce que \u00e7a nous a bien aid\u00e9 dans les blogs parcourus pour notre pr\u00e9paration) :<\/p>\n\n\n<div class=\"wp-block-image\">\n<figure class=\"aligncenter size-large\"><img decoding=\"async\" loading=\"lazy\" width=\"1024\" height=\"576\" src=\"http:\/\/www.voicidesailes.net\/wp-content\/uploads\/2023\/03\/equipement-1024x576.png\" alt=\"\" class=\"wp-image-3246\" srcset=\"https:\/\/www.voicidesailes.net\/wp-content\/uploads\/2023\/03\/equipement-1024x576.png 1024w, https:\/\/www.voicidesailes.net\/wp-content\/uploads\/2023\/03\/equipement-300x169.png 300w, https:\/\/www.voicidesailes.net\/wp-content\/uploads\/2023\/03\/equipement-768x432.png 768w, https:\/\/www.voicidesailes.net\/wp-content\/uploads\/2023\/03\/equipement-1536x864.png 1536w, https:\/\/www.voicidesailes.net\/wp-content\/uploads\/2023\/03\/equipement.png 1920w\" sizes=\"(max-width: 1024px) 100vw, 1024px\" \/><\/figure><\/div>\n\n<div class=\"wp-block-image\">\n<figure class=\"aligncenter size-thumbnail\"><img decoding=\"async\" src=\"https:\/\/www.voicidesailes.net\/wp-content\/uploads\/2023\/03\/excel-1-150x150.png\" alt=\"\" class=\"wp-image-3234\"\/><\/figure><\/div>\n\n\n<p class=\"has-text-align-center\"><a rel=\"noreferrer noopener\" href=\"https:\/\/docs.google.com\/spreadsheets\/d\/1-ER708NHM8Bgqz7zElEEdEsgQfJpQGCA\/edit?rtpof=true&amp;sd=true\" target=\"_blank\">Acc\u00e9der au fichier .xlsx<\/a><\/p>\n","protected":false},"excerpt":{"rendered":"<p>Nos montures : Deux v\u00e9los \u00ab\u00a0cyclo-randonn\u00e9e\u00a0\u00bb achet\u00e9s en 2012, avec lesquels nous avons d\u00e9j\u00e0 parcouru plus de 35.000 km. Confortables, robustes et fiables, ils sont id\u00e9aux en balades. Tant pour fl\u00e2ner et profiter des paysages que pour se lancer dans des hors-pistes savoureux ! Nos bagages : Des sacoches&#8230;Ortlieb, \u00e9videmment. Une \u00e9tanch\u00e9it\u00e9 et une solidit\u00e9 \u00e0 toute \u00e9preuve. En voyage&#8230;<\/p>\n","protected":false},"author":2,"featured_media":0,"parent":0,"menu_order":0,"comment_status":"closed","ping_status":"closed","template":"","meta":{"inline_featured_image":false},"acf":[],"_links":{"self":[{"href":"https:\/\/www.voicidesailes.net\/index.php\/wp-json\/wp\/v2\/pages\/3450"}],"collection":[{"href":"https:\/\/www.voicidesailes.net\/index.php\/wp-json\/wp\/v2\/pages"}],"about":[{"href":"https:\/\/www.voicidesailes.net\/index.php\/wp-json\/wp\/v2\/types\/page"}],"author":[{"embeddable":true,"href":"https:\/\/www.voicidesailes.net\/index.php\/wp-json\/wp\/v2\/users\/2"}],"replies":[{"embeddable":true,"href":"https:\/\/www.voicidesailes.net\/index.php\/wp-json\/wp\/v2\/comments?post=3450"}],"version-history":[{"count":21,"href":"https:\/\/www.voicidesailes.net\/index.php\/wp-json\/wp\/v2\/pages\/3450\/revisions"}],"predecessor-version":[{"id":7141,"href":"https:\/\/www.voicidesailes.net\/index.php\/wp-json\/wp\/v2\/pages\/3450\/revisions\/7141"}],"wp:attachment":[{"href":"https:\/\/www.voicidesailes.net\/index.php\/wp-json\/wp\/v2\/media?parent=3450"}],"curies":[{"name":"wp","href":"https:\/\/api.w.org\/{rel}","templated":true}]}}