{"id":3081,"date":"2023-03-10T18:20:02","date_gmt":"2023-03-10T17:20:02","guid":{"rendered":"https:\/\/www.voicidesailes.net\/?page_id=3081"},"modified":"2023-03-30T23:09:26","modified_gmt":"2023-03-30T21:09:26","slug":"jordanie-litineraire","status":"publish","type":"page","link":"https:\/\/www.voicidesailes.net\/index.php\/jordanie-litineraire\/","title":{"rendered":"De Madaba \u00e0 Aqaba par les \u00ab\u00a0Wadi\u00a0\u00bb de Jordanie"},"content":{"rendered":"<p>Largement inspir\u00e9 du Jordan Bike trail, avec quelques am\u00e9nagements, voici notre itin\u00e9raire pour ces 15 jours de vacances.<\/p>\n<p>Un mixte id\u00e9al route\/pistes\/chemins \u00e0 travers le pays, depuis Madaba et la mer morte, jusqu&rsquo;\u00e0 Aqaba au bord de la mer rouge, en passant par Petra et le d\u00e9sert du Wadi Rum. Une balade r\u00e9alis\u00e9e en 9 jours de v\u00e9lo, 480km et pr\u00e8s de 11.000 m de d\u00e9nivel\u00e9 positif.<\/p>\n<p>Les trajets en bleu repr\u00e9sentent l&rsquo;itin\u00e9raire parcouru \u00e0 v\u00e9lo, et en gris, les excursions faites en bus ou en 4&#215;4.<\/p>\n<p><iframe loading=\"lazy\" src=\"https:\/\/www.google.com\/maps\/d\/embed?mid=1mhRkQuCXdSUDIi6yzGWHCcouXA9fbePg\" width=\"100%\" height=\"480\"><\/iframe><\/p>\n","protected":false},"excerpt":{"rendered":"<p>Largement inspir\u00e9 du Jordan Bike trail, avec quelques am\u00e9nagements, voici notre itin\u00e9raire pour ces 15 jours de vacances. Un mixte id\u00e9al route\/pistes\/chemins \u00e0 travers le pays, depuis Madaba et la mer morte, jusqu&rsquo;\u00e0 Aqaba au bord de la mer rouge, en passant par Petra et le d\u00e9sert du Wadi Rum. Une balade r\u00e9alis\u00e9e en 9 jours de v\u00e9lo, 480km et&#8230;<\/p>\n","protected":false},"author":2,"featured_media":105,"parent":0,"menu_order":2,"comment_status":"closed","ping_status":"closed","template":"my-templates\/template-fullwidth.php","meta":{"inline_featured_image":false},"acf":[],"_links":{"self":[{"href":"https:\/\/www.voicidesailes.net\/index.php\/wp-json\/wp\/v2\/pages\/3081"}],"collection":[{"href":"https:\/\/www.voicidesailes.net\/index.php\/wp-json\/wp\/v2\/pages"}],"about":[{"href":"https:\/\/www.voicidesailes.net\/index.php\/wp-json\/wp\/v2\/types\/page"}],"author":[{"embeddable":true,"href":"https:\/\/www.voicidesailes.net\/index.php\/wp-json\/wp\/v2\/users\/2"}],"replies":[{"embeddable":true,"href":"https:\/\/www.voicidesailes.net\/index.php\/wp-json\/wp\/v2\/comments?post=3081"}],"version-history":[{"count":14,"href":"https:\/\/www.voicidesailes.net\/index.php\/wp-json\/wp\/v2\/pages\/3081\/revisions"}],"predecessor-version":[{"id":3504,"href":"https:\/\/www.voicidesailes.net\/index.php\/wp-json\/wp\/v2\/pages\/3081\/revisions\/3504"}],"wp:featuredmedia":[{"embeddable":true,"href":"https:\/\/www.voicidesailes.net\/index.php\/wp-json\/wp\/v2\/media\/105"}],"wp:attachment":[{"href":"https:\/\/www.voicidesailes.net\/index.php\/wp-json\/wp\/v2\/media?parent=3081"}],"curies":[{"name":"wp","href":"https:\/\/api.w.org\/{rel}","templated":true}]}}